{"id":12867,"date":"2023-01-31T14:36:10","date_gmt":"2023-01-31T12:36:10","guid":{"rendered":"https:\/\/rent.balitex.eu\/?page_id=12867"},"modified":"2023-03-28T12:03:36","modified_gmt":"2023-03-28T09:03:36","slug":"privaatsussatted","status":"publish","type":"page","link":"https:\/\/rent.balitex.eu\/fi\/privaatsussatted\/","title":{"rendered":"Privaatsuspoliitika"},"content":{"rendered":"<div data-elementor-type=\"wp-page\" data-elementor-id=\"12867\" class=\"elementor elementor-12867\" data-elementor-post-type=\"page\">\n\t\t\t\t\t\t<section class=\"elementor-section elementor-top-section elementor-element elementor-element-69792a9 elementor-section-boxed elementor-section-height-default elementor-section-height-default\" data-id=\"69792a9\" data-element_type=\"section\" data-e-type=\"section\">\n\t\t\t\t\t\t<div class=\"elementor-container elementor-column-gap-default\">\n\t\t\t\t\t<div class=\"elementor-column elementor-col-100 elementor-top-column elementor-element elementor-element-84067de\" data-id=\"84067de\" data-element_type=\"column\" data-e-type=\"column\">\n\t\t\t<div class=\"elementor-widget-wrap elementor-element-populated\">\n\t\t\t\t\t\t<div class=\"elementor-element elementor-element-e0bb531 elementor-widget elementor-widget-heading\" data-id=\"e0bb531\" data-element_type=\"widget\" data-e-type=\"widget\" data-widget_type=\"heading.default\">\n\t\t\t\t<div class=\"elementor-widget-container\">\n\t\t\t\t\t<h2 class=\"elementor-heading-title elementor-size-default\">Privaatsuspoliitika<\/h2>\t\t\t\t<\/div>\n\t\t\t\t<\/div>\n\t\t\t\t\t<\/div>\n\t\t<\/div>\n\t\t\t\t\t<\/div>\n\t\t<\/section>\n\t\t\t\t<section class=\"elementor-section elementor-top-section elementor-element elementor-element-69e2135 elementor-section-boxed elementor-section-height-default elementor-section-height-default\" data-id=\"69e2135\" data-element_type=\"section\" data-e-type=\"section\">\n\t\t\t\t\t\t<div class=\"elementor-container elementor-column-gap-default\">\n\t\t\t\t\t<div class=\"elementor-column elementor-col-100 elementor-top-column elementor-element elementor-element-5a2161a\" data-id=\"5a2161a\" data-element_type=\"column\" data-e-type=\"column\">\n\t\t\t<div class=\"elementor-widget-wrap elementor-element-populated\">\n\t\t\t\t\t\t<div class=\"elementor-element elementor-element-c678c1b elementor-widget elementor-widget-text-editor\" data-id=\"c678c1b\" data-element_type=\"widget\" data-e-type=\"widget\" data-widget_type=\"text-editor.default\">\n\t\t\t\t<div class=\"elementor-widget-container\">\n\t\t\t\t\t\t\t\t\t<p><strong>Ganter trade O\u00dc<\/strong>, registrikood 11074065 \/ Y-tunnus: 2687429-1, asukoht Tiilitehtaankatu 6 box 18, Kerava, Finland (edaspidi \u201e<strong>Meie<\/strong>\u201c) opereerib BalitexRent platvormi aadressil \u00a0<a href=\"https:\/\/rent.balitex.eu\/fi\/\">https:\/\/rent.balitex.eu\/<\/a> , mille vahendusel tehakse kasutajatele k\u00e4ttesaadavaks renditeenus, mis v\u00f5imaldab rentida s\u00f5idukeid, seadmeid , t\u00f6\u00f6riistu ja k\u00f5ike muud.<\/p><p>K\u00e4esolevad privaatsustingimused reguleerivad \u00fcheltpoolt Meie tegevust Teie isikuandmete vastutava t\u00f6\u00f6tlejana ning teisalt Meie tegevust volitatud t\u00f6\u00f6tlejana isikuandmete kaitse \u00fcldm\u00e4\u00e4ruse 2016\/679 m\u00f5ttes. Privaatsustingimused loetakse osas, milles need reguleerivad Meie tegevust volitatud t\u00f6\u00f6tlejana platvormi kasutaja ja Meie vahel s\u00f5lmitud andmete edastamise lepinguks isikuandmete kaitse \u00fcldm\u00e4\u00e4ruse artikkel 28 m\u00f5ttes.<\/p><p>Kinnitame, et j\u00e4rgime k\u00f5igi andmete t\u00f6\u00f6tlemisel isikuandmete kaitse \u00fcldm\u00e4\u00e4rusest 2016\/679 tulenevaid n\u00f5udeid.<\/p><p>K\u00e4esolevates privaatsustingimustes on kasutatud j\u00e4rgmiseid m\u00f5isteid allolevas t\u00e4henduses:<\/p><p>\u201e<strong>Teie<\/strong>\u201c t\u00e4hendab juriidilist v\u00f5i f\u00fc\u00fcsilist isikut, kes kasutab Meie teenust ning on n\u00f5ustunud teenust ja seal pakutava teenuse \u00fcltingimustega.<\/p><p>\u201e<strong>Isikuandmed<\/strong>\u201c on igasugune teave Andmesubjekti v\u00f5i Teie kohta, mida Te platvormil avaldate.<\/p><p>\u201e<strong>T\u00f6\u00f6tlemine<\/strong>\u201c on Isikuandmete v\u00f5i nende kogumitega tehtav automatiseeritud v\u00f5i automatiseerimata toiming v\u00f5i toimingute kogum, nagu kogumine, dokumenteerimine, korrastamine, struktureerimine, s\u00e4ilitamine, kohandamine ja muutmine, p\u00e4ringute tegemine, lugemine, kasutamine, edastamise, levitamise v\u00f5i muul moel k\u00e4ttesaadavaks tegemise teel avalikustamine, \u00fchitamine v\u00f5i \u00fchendamine, piiramine, kustutamine v\u00f5i h\u00e4vitamine.<\/p><p>\u201e<strong>Isikuandmetega seotud rikkumine<\/strong>\u201c on turvan\u00f5uete rikkumine, mis p\u00f5hjustab edastatavate, salvestatud v\u00f5i muul viisil t\u00f6\u00f6deldavate Isikuandmete juhusliku v\u00f5i ebaseadusliku h\u00e4vitamise, kaotsimineku, muutmise v\u00f5i loata avalikustamise v\u00f5i neile juurdep\u00e4\u00e4su.<\/p><p>\u201e<strong>Teenus<\/strong>\u201c on BalitexRent platvormi vahendusel Teile pakutav rendi teenus.<\/p><p>\u201e<strong>Tingimused<\/strong>\u201c t\u00e4hendab BalitexRent teenuse \u00fcldtingimusi, mis reguleerivad Rent.balitex.eu platvormi, tarkvara ja Teenuse kasutamist Teie poolt.<\/p><p><strong>Teie kohta kogutavad Isikuandmed\u00a0<\/strong><\/p><p>Me kogume ja t\u00f6\u00f6tleme Teie kohta Isikuandmeid, mida Te olete Meile vabatahtlikult platvormil avaldanud. Te m\u00f5istate, et Isikuandmete avaldamine Meile on vabatahtlik, kuid nende avaldamata j\u00e4tmise korral ei saa Te kasutada BalitexRendi platvormi ning seal pakutavat Teenust.<\/p><p>Selleks, et Te saaks Teenust kasutada kogume ja t\u00f6\u00f6tleme Teie kohta j\u00e4rgmisi isikuandmeid: nimi, e-postiaadress, andmed esindatava juriidilise isiku ja selle tegevuse kohta (ettev\u00f5tte nimi, registrikood, asukohamaa, andmed arvete saatmise kontaktide kohta.<\/p><p><strong>Isikuandmete edastamine ja s\u00e4ilitamine<\/strong><\/p><p>Me v\u00f5ime edastada Teie Isikuandmeid kolmandatele isikutele, n\u00e4iteks audiitorile, \u00f5igusabiteenust osutavale isikule v\u00f5i mis tahes muule isikule, kes osutab Meile teenust Me oleme teinud k\u00f5ik endast oleneva, et eelnimetatud kolmandad isikud tagaksid Isikuandmete konfidentsiaalsuse ja turvalisuse.<\/p><p>Kolmandad isikud, kellele Me Teie Isikuandmeid edastame, v\u00f5ivad asuda v\u00e4ljaspool Euroopa Majanduspiirkonda, kus on kehtestanud teistsugused isikuandmete kaitse regulatsioonid ning mille osas Euroopa Komisjon ei ole v\u00f5tnud vastu kaitse piisavuse otsust. Nendes riikides ei pruugi isikuandmete turvalisus (sh kaitse v\u00e4\u00e4rkasutuse, omavolilise juurdep\u00e4\u00e4su, avalikustamise, muutmise v\u00f5i h\u00e4vimise eest) olla piisava andmekaitse taseme puudumise t\u00f5ttu tagatud samal tasemel nagu Euroopa Liidus. Isikuandmete edastamisel v\u00e4ljapoole Euroopa Majanduspiirkonda kohustume tagama asjakohaste turvameetmete rakendamise. Kui Te soovite saada teavet kohaldatavatest turvameetmetest, siis palume vastavast soovist Meile teada anda.<\/p><p>Meie t\u00f6\u00f6tajate juurdep\u00e4\u00e4s isikuandmetele p\u00f5hineb rollip\u00f5hisel kasutaja juhtimise protsessil, kus igale t\u00f6\u00f6tajale antakse \u00fcksnes tema \u00fclesannete ja t\u00f6\u00f6ga seonduv juurdep\u00e4\u00e4s.<\/p><p>Me s\u00e4ilitame Teie Isikuandmeid nii kaua, kuni see on seadusega etten\u00e4htud v\u00f5i lubatud, kuid mitte kauem, kui see on Meile m\u00f5istlikult vajalik nende eesm\u00e4rkide saavutamiseks, milleks Isikuandmeid koguti v\u00f5i t\u00f6\u00f6deldi, muuhulgas v\u00f5ib selliseks kriteeriumiks olla Isikuandmete s\u00e4ilitamine v\u00f5imalike n\u00f5uete aegumist\u00e4htaegade l\u00f5ppemiseni.<\/p><p>Me v\u00f5tame kasutusele m\u00f5istlikke meetmeid selleks, et tagada Isikuandmete usaldusv\u00e4\u00e4rsus ning vastavus tegelikkusele.<\/p><p><strong>Teie \u00f5igused Isikuandme kogumisel<\/strong><\/p><ul><li>Seoses Isikuandmete kogumisega on Teil \u00f5igus:<\/li><li>taotleda juurdep\u00e4\u00e4su Teie kohta kogutud Isikuandmetele ning n\u00f5uda koopiat Isikuandmetest;<\/li><li>taotleda oma Isikuandmete parandamist, ajakohastamist v\u00f5i eemaldamist;<\/li><li style=\"list-style-type: none;\">\u00a0<\/li><li>n\u00f5uda \u00f5igusaktides s\u00e4testatud juhtudel Isikuandmete t\u00f6\u00f6tlemise, kogumise ja kasutamise piiramist;<\/li><li>p\u00f6\u00f6rduda Andmekaitse Inspektsiooni poole oma \u00f5iguste rikkumise korral.<\/li><li style=\"list-style-type: none;\">\u00a0<\/li><\/ul><p><strong>K\u00fcpsised\u00a0<\/strong><\/p><p>Kasutame platvormil k\u00fcpsiseid ja teisi sarnaseid tehnoloogiaid selleks, et suurendada Meie platvormi funktsionaalsust ja seal pakutavate teenuste kvaliteeti.<\/p><p>\u00a0\u00a0<strong>Meie tegevus Isikuandmete volitatud t\u00f6\u00f6tlejana<\/strong><\/p><p>Teile Teenuse osutamiseks v\u00f5ib Meil olla vajadus t\u00f6\u00f6delda Andmesubjektide Isikuandmeid Teie nimel, kuid seda \u00fcksnes ulatuses ja viisil, mis on vajalik Teie poolt antud \u00fclesannete t\u00e4itmiseks. Meie poolt Teile osutatav Teenus on t\u00e4psemalt kirjeldatud Meie Teenuse Tingimustes.<\/p><p>K\u00e4esolevate privaatsustingimuste osas m\u00e4\u00e4rame kindlaks Andmesubjektide Isikuandmete t\u00f6\u00f6tlemise tingimused selleks, et tagada Isikuandmete t\u00f6\u00f6tlemise vastavus andmekaitset reguleerivates \u00f5igusaktides s\u00e4testatud tingimustele, ja et sealjuures oleks tagatud Andmesubjektide \u00f5iguste kaitse.<\/p><p><strong>T\u00f6\u00f6tlemistoimingud<\/strong><\/p><p>Me kinnitame, et ei t\u00f6\u00f6tle Meile \u00fcle antud Andmesubjektide Isikuandmeid \u00fchelgi muul eesm\u00e4rgil (sh nii \u00e4rilisel kui ka isiklikul eesm\u00e4rgil) kui Teile Teenuse osutamiseks.<\/p><p>K\u00e4esolevate Tingimuste alusel v\u00f5tame Me kohustuse tagada, et k\u00f5ik Meie t\u00f6\u00f6tajad v\u00f5i kolmandad isikud, keda Me kasutame Teile Teenuse osutamiseks vastaksid andmekaitset reguleerivates \u00f5igusaktides s\u00e4testatud n\u00f5uetele, sealhulgas t\u00e4idaksid saladuse hoidmise kohustust. Seejuures teavitama Teid viivitamata, kui Me ei suuda sellist koosk\u00f5la \u00fcksk\u00f5ik millistel p\u00f5hjustel tagada.<\/p><p>Lisaks teavitame Teid viivitamata j\u00e4rgmistest asjaoludest:<\/p><p>\u00d5iguskaitseorganite \u00f5iguslikult siduvad taotlused Isikuandmete avaldamiseks, v\u00e4lja arvatud taotluste avaldamise keelu korral, mis tuleneb n\u00e4iteks kriminaal\u00f5igusest ja mille eesm\u00e4rk on kaitsta \u00f5iguskaitsealase uurimistoimingu konfidentsiaalsust;<\/p><ul><li style=\"list-style-type: none;\">\u00a0<\/li><li>Juhusliku v\u00f5i volitamatu juurdep\u00e4\u00e4su juhtumid;<\/li><li style=\"list-style-type: none;\">\u00a0<\/li><li>Andmesubjekti poolt esitatud taotlused.<\/li><li style=\"list-style-type: none;\">\u00a0<\/li><\/ul><p><strong>Isikuandmete edastamine<\/strong><\/p><p>Privaatsustingimustega n\u00f5ustumisel annate Meile volituse edastada Andmesubjekti Isikuandmeid vastavalt k\u00e4esolevates privaatsustingimustes s\u00e4testatule.<\/p><p>Uute Isikuandmete vastuv\u00f5tjate kaasamine on v\u00f5imalik \u00fcksnes Teie eelneval n\u00f5usolekul. Isikuandmete edastamisel kolmandale isikule s\u00f5lmime kolmanda isikuga sarnase sisuga kokkuleppe, et oleks v\u00f5imalik tagada Isikuandmete korrektne t\u00f6\u00f6tlemine. Kui kolmas isik, kes Isikuandmeid t\u00f6\u00f6tleb, ei j\u00e4rgi andmekaitset reguleerivates \u00f5igusaktides s\u00e4testatud n\u00f5udeid v\u00f5i ei t\u00e4ida Meiega s\u00f5lmitud kokkulepet, siis vastutame Meie Teie ees andmekaitset reguleerivates \u00f5igusaktides s\u00e4testatud n\u00f5uete ja kohustuste t\u00e4itmise eest.<\/p><p><strong>Kohaldatavad turvameetmed<\/strong><\/p><p>Me kinnitame, et oleme v\u00f5tnud kasutusele k\u00f5ik asjakohased tehnilised ja korralduslikud meetmed selleks, et t\u00f6\u00f6tlemine vastaks andmekaitset reguleerivates \u00f5igusaktides s\u00e4testatud n\u00f5uetele ning et tagatud oleks andmesubjektide \u00f5iguste kaitse. Teeme k\u00f5ik endast oleneva, et \u00e4ra hoida andmete juhuslik v\u00f5i ebaseaduslik h\u00e4vitamine, kaotsiminek, muutmine, loata avalikustamine v\u00f5i nendele juurdep\u00e4\u00e4su saamine.<\/p><p>Eelneva tagamiseks oleme kohaldanud k\u00e4esolevate privaatsustingimustes s\u00e4testatud meetmeid.<\/p><p>Teie n\u00f5udmisel teeme Teile m\u00f5istliku aja jooksul k\u00e4ttesaadavaks kogu teabe, mis on vajalik t\u00f5endamaks asjakohaste tehniliste ja korralduslike meetmete rakendamist. Muuhulgas v\u00f5imaldame Teil korraldada auditeid, mis on vajalikud nende meetmete rakendamise kontrollimiseks. Eeltoodud kohustuste t\u00e4itmise kulud, sh auditi korraldamisega seotud kulud, kannate Teie ning Meil on \u00f5igus n\u00f5uda nende kohustuste t\u00e4itmisest tekkinud otseste ja kaudsete kulude h\u00fcvitamist Teie poolt.<\/p><p><strong>Isikuandmetega seotud rikkumine<\/strong><\/p><p>Isikuandmetega seotud rikkumise korral v\u00f5tame kohustuse teavitada Teid p\u00f5hjendamatu viivituseta ja tegema Teiega igak\u00fclgset koost\u00f6\u00f6d. Sealhulgas v\u00f5tame kohustuse teavitada Isikuandmetega seotud rikkumisest allj\u00e4rgnevalt:<\/p><p>\u00a0<\/p><p>Kirjeldame Isikuandmetega seotud rikkumise laadi ja nimetame v\u00f5imaluse korral Andmesubjektide ligikaudse arvu ning isikuandmete asjaomaste kirjete liigid ja ligikaudse arvu;<\/p><ul><li style=\"list-style-type: none;\">\u00a0<\/li><\/ul><p>Teatame t\u00e4iendavat teavet andva kontaktisiku nimi ja kontaktandmed;<\/p><ul><li style=\"list-style-type: none;\">\u00a0<\/li><li>Kirjeldame Isikuandmetega seotud rikkumise v\u00f5imalikke tagaj\u00e4rgi;<\/li><li style=\"list-style-type: none;\">\u00a0<\/li><li>Kirjeldame Meie poolt kasutusele v\u00f5etud v\u00f5i v\u00f5tmiseks kavandatud meetmeid Isikuandmetega seotud rikkumise lahendamiseks, sealhulgas vajaduse korral rikkumise v\u00f5imaliku kahjuliku m\u00f5ju leevendamiseks;<\/li><li style=\"list-style-type: none;\">\u00a0<\/li><li>Kirjeldame v\u00f5imalikke meetmeid, mida Me saame kasutusele v\u00f5tta Isikuandmetega seotud rikkumise v\u00f5imalike negatiivsete m\u00f5jude leevendamiseks.<\/li><li style=\"list-style-type: none;\">\u00a0<\/li><\/ul><p><strong>Vastutus<\/strong><\/p><p>Me ei vastuta Tingimuste t\u00e4itmisel Teile tekkinud mis tahes kahju eest, mis on tekkinud Teie s\u00fc\u00fclisest k\u00e4itumisest Isikuandmete t\u00f6\u00f6tlemisel.<\/p><p><strong>Muud tingimused<\/strong><\/p><p>Andmete edastamise leping l\u00f5peb automaatselt hetkel, mil l\u00f5peb Teie ja Meie vahel s\u00f5lmitud leping Teenuse osutamiseks. Pooled lepivad kokku, et lepingu l\u00f5ppemisel tagastame Teile k\u00f5ik tema poolt edastatud Isikuandmed ja nendest tehtud koopiad.<\/p><p>Isikuandmete t\u00f6\u00f6tlemisega seotud k\u00fcsimuste korral palume p\u00f6\u00f6rduda Meie pole e-posti aadressil <a href=\"mailto:rent@balitex.eu\">rent@balitex.eu<\/a> .<\/p>\t\t\t\t\t\t\t\t<\/div>\n\t\t\t\t<\/div>\n\t\t\t\t\t<\/div>\n\t\t<\/div>\n\t\t\t\t\t<\/div>\n\t\t<\/section>\n\t\t\t\t<\/div>","protected":false},"excerpt":{"rendered":"<p>Privaatsuspoliitika Ganter trade O\u00dc, registrikood 11074065 \/ Y-tunnus: 2687429-1, asukoht Tiilitehtaankatu 6 box 18, Kerava, Finland (edaspidi \u201eMeie\u201c) opereerib BalitexRent platvormi aadressil \u00a0https:\/\/rent.balitex.eu\/ , mille vahendusel tehakse kasutajatele k\u00e4ttesaadavaks renditeenus, mis v\u00f5imaldab rentida s\u00f5idukeid, seadmeid , t\u00f6\u00f6riistu ja k\u00f5ike muud. K\u00e4esolevad privaatsustingimused reguleerivad \u00fcheltpoolt Meie tegevust Teie isikuandmete vastutava t\u00f6\u00f6tlejana ning teisalt Meie tegevust volitatud [&hellip;]<\/p>\n","protected":false},"author":1,"featured_media":0,"parent":0,"menu_order":0,"comment_status":"closed","ping_status":"closed","template":"elementor_header_footer","meta":{"footnotes":""},"class_list":["post-12867","page","type-page","status-publish","hentry"],"aioseo_notices":[],"_links":{"self":[{"href":"https:\/\/rent.balitex.eu\/fi\/wp-json\/wp\/v2\/pages\/12867","targetHints":{"allow":["GET"]}}],"collection":[{"href":"https:\/\/rent.balitex.eu\/fi\/wp-json\/wp\/v2\/pages"}],"about":[{"href":"https:\/\/rent.balitex.eu\/fi\/wp-json\/wp\/v2\/types\/page"}],"author":[{"embeddable":true,"href":"https:\/\/rent.balitex.eu\/fi\/wp-json\/wp\/v2\/users\/1"}],"replies":[{"embeddable":true,"href":"https:\/\/rent.balitex.eu\/fi\/wp-json\/wp\/v2\/comments?post=12867"}],"version-history":[{"count":9,"href":"https:\/\/rent.balitex.eu\/fi\/wp-json\/wp\/v2\/pages\/12867\/revisions"}],"predecessor-version":[{"id":12890,"href":"https:\/\/rent.balitex.eu\/fi\/wp-json\/wp\/v2\/pages\/12867\/revisions\/12890"}],"wp:attachment":[{"href":"https:\/\/rent.balitex.eu\/fi\/wp-json\/wp\/v2\/media?parent=12867"}],"curies":[{"name":"wp","href":"https:\/\/api.w.org\/{rel}","templated":true}]}}